{"id":5976,"date":"2024-05-12T18:36:24","date_gmt":"2024-05-12T18:36:24","guid":{"rendered":"https:\/\/www.pitapesgrup.com\/plat\/caipirinha\/"},"modified":"2024-09-30T15:59:55","modified_gmt":"2024-09-30T15:59:55","slug":"caipirinha","status":"publish","type":"product","link":"https:\/\/www.pitapesgrup.com\/es\/plat\/caipirinha\/","title":{"rendered":"Caipirinha Fruita"},"content":{"rendered":"<p>Un trago con gusto brasile\u00f1o que se prepara en base de aguardiente de ca\u00f1a de az\u00facar y se conoce popularmente con el nombre de <em>cacha\u00e7a<\/em>. \u2139 Con Lima, Sucre y \u00ab<em>Cacha\u00e7a\u00bb<\/em> \u2714Tambi\u00e9n puede ser sin alcohol Te lo podemos preparar de diferentes sabores \u2642\ufe0fPide a nuestro coctelero y te lo prepara al gusto<\/p>\n","protected":false},"excerpt":{"rendered":"<p>Un trago con gusto brasile\u00f1o que se prepara en base de aguardiente de ca\u00f1a de az\u00facar y se conoce popularmente con el nombre de cacha\u00e7a. \u2139 Con Lima, Sucre y \u00abCacha\u00e7a\u00bb \u2714Tambi\u00e9n puede ser sin alcohol Te lo podemos preparar de diferentes sabores \u2642\ufe0fPide a nuestro coctelero y te lo prepara al gusto<\/p>\n","protected":false},"featured_media":5793,"template":"","meta":{"_acf_changed":false,"inline_featured_image":false,"site-sidebar-layout":"default","site-content-layout":"","ast-site-content-layout":"default","site-content-style":"default","site-sidebar-style":"default","ast-global-header-display":"","ast-banner-title-visibility":"","ast-main-header-display":"","ast-hfb-above-header-display":"","ast-hfb-below-header-display":"","ast-hfb-mobile-header-display":"","site-post-title":"","ast-breadcrumbs-content":"","ast-featured-img":"","footer-sml-layout":"","theme-transparent-header-meta":"default","adv-header-id-meta":"","stick-header-meta":"default","header-above-stick-meta":"","header-main-stick-meta":"","header-below-stick-meta":"","astra-migrate-meta-layouts":"default","ast-page-background-enabled":"default","ast-page-background-meta":{"desktop":{"background-color":"var(--ast-global-color-4)","background-image":"","background-repeat":"repeat","background-position":"center center","background-size":"auto","background-attachment":"scroll","background-type":"","background-media":"","overlay-type":"","overlay-color":"","overlay-opacity":"","overlay-gradient":""},"tablet":{"background-color":"","background-image":"","background-repeat":"repeat","background-position":"center center","background-size":"auto","background-attachment":"scroll","background-type":"","background-media":"","overlay-type":"","overlay-color":"","overlay-opacity":"","overlay-gradient":""},"mobile":{"background-color":"","background-image":"","background-repeat":"repeat","background-position":"center center","background-size":"auto","background-attachment":"scroll","background-type":"","background-media":"","overlay-type":"","overlay-color":"","overlay-opacity":"","overlay-gradient":""}},"ast-content-background-meta":{"desktop":{"background-color":"var(--ast-global-color-5)","background-image":"","background-repeat":"repeat","background-position":"center center","background-size":"auto","background-attachment":"scroll","background-type":"","background-media":"","overlay-type":"","overlay-color":"","overlay-opacity":"","overlay-gradient":""},"tablet":{"background-color":"var(--ast-global-color-5)","background-image":"","background-repeat":"repeat","background-position":"center center","background-size":"auto","background-attachment":"scroll","background-type":"","background-media":"","overlay-type":"","overlay-color":"","overlay-opacity":"","overlay-gradient":""},"mobile":{"background-color":"var(--ast-global-color-5)","background-image":"","background-repeat":"repeat","background-position":"center center","background-size":"auto","background-attachment":"scroll","background-type":"","background-media":"","overlay-type":"","overlay-color":"","overlay-opacity":"","overlay-gradient":""}}},"product_cat":[166,171],"product_tag":[],"class_list":{"0":"post-5976","1":"product","2":"type-product","3":"status-publish","4":"has-post-thumbnail","6":"product_cat-cocteleria-es","7":"product_cat-los-afrutados","8":"desktop-align-left","9":"tablet-align-left","10":"mobile-align-left","12":"first","13":"instock","14":"shipping-taxable","15":"purchasable","16":"product-type-simple"},"acf":[],"_links":{"self":[{"href":"https:\/\/www.pitapesgrup.com\/es\/wp-json\/wp\/v2\/product\/5976","targetHints":{"allow":["GET"]}}],"collection":[{"href":"https:\/\/www.pitapesgrup.com\/es\/wp-json\/wp\/v2\/product"}],"about":[{"href":"https:\/\/www.pitapesgrup.com\/es\/wp-json\/wp\/v2\/types\/product"}],"wp:featuredmedia":[{"embeddable":true,"href":"https:\/\/www.pitapesgrup.com\/es\/wp-json\/wp\/v2\/media\/5793"}],"wp:attachment":[{"href":"https:\/\/www.pitapesgrup.com\/es\/wp-json\/wp\/v2\/media?parent=5976"}],"wp:term":[{"taxonomy":"product_cat","embeddable":true,"href":"https:\/\/www.pitapesgrup.com\/es\/wp-json\/wp\/v2\/product_cat?post=5976"},{"taxonomy":"product_tag","embeddable":true,"href":"https:\/\/www.pitapesgrup.com\/es\/wp-json\/wp\/v2\/product_tag?post=5976"}],"curies":[{"name":"wp","href":"https:\/\/api.w.org\/{rel}","templated":true}]}}